{"id":30,"date":"2008-05-14T02:28:36","date_gmt":"2008-05-14T02:28:36","guid":{"rendered":"http:\/\/www.kumbiaphp.com\/blog\/?page_id=30"},"modified":"2025-09-14T19:29:34","modified_gmt":"2025-09-14T18:29:34","slug":"manuales-y-descargas","status":"publish","type":"page","link":"https:\/\/kumbiaphp.com\/blog\/manuales-y-descargas\/","title":{"rendered":"Manuales y descargas"},"content":{"rendered":"\n<h1 class=\"wp-block-heading\">KumbiaPHP v 1.2.1 (Requiere PHP 8 m\u00ednimo)<\/h1>\n<table style=\"border-collapse: collapse; width: 100%;\">\n<tbody>\n<tr>\n<td style=\"width: 17.0238%;\"><a href=\"https:\/\/github.com\/KumbiaPHP\/KumbiaPHP\/archive\/v1.2.1.zip\"><img loading=\"lazy\" decoding=\"async\" class=\"alignnone wp-image-944 size-full lazyloaded\" title=\"KumbiaPHP v1 en Zip\" src=\"https:\/\/www.kumbiaphp.com\/blog\/wp-content\/uploads\/2008\/05\/ZIP-96.png\" alt=\"ZIP\" width=\"96\" height=\"96\" data-src=\"https:\/\/www.kumbiaphp.com\/blog\/wp-content\/uploads\/2008\/05\/ZIP-96.png\" \/><\/a><\/td>\n<td style=\"width: 82.9762%;\"><a href=\"https:\/\/github.com\/KumbiaPHP\/KumbiaPHP\/archive\/v1.2.1.tar.gz\"><img loading=\"lazy\" decoding=\"async\" class=\"wp-image-943 size-full lazyloaded alignnone\" title=\"KumbiaPHP v1 en Tar.gz\" src=\"https:\/\/www.kumbiaphp.com\/blog\/wp-content\/uploads\/2008\/05\/TAR-96.png\" alt=\"TAR\" width=\"96\" height=\"96\" data-src=\"https:\/\/www.kumbiaphp.com\/blog\/wp-content\/uploads\/2008\/05\/TAR-96.png\" \/><\/a><\/td>\n<\/tr>\n<\/tbody>\n<\/table>\n<figure><br \/>\n<figure><\/figure>\n<\/figure>\n<h2 class=\"wp-block-heading\">KumbiaPHP v 1.1.5 (Funciona desde PHP 5.4)<\/h2>\n<table style=\"border-collapse: collapse; width: 100%;\">\n<tbody>\n<tr>\n<td style=\"width: 17.619%;\"><a href=\"https:\/\/github.com\/KumbiaPHP\/KumbiaPHP\/archive\/v1.1.5.zip\"><img loading=\"lazy\" decoding=\"async\" class=\"alignnone wp-image-944 size-full lazyloaded\" title=\"KumbiaPHP v1 en Zip\" src=\"https:\/\/www.kumbiaphp.com\/blog\/wp-content\/uploads\/2008\/05\/ZIP-96.png\" alt=\"ZIP\" width=\"96\" height=\"96\" data-src=\"https:\/\/www.kumbiaphp.com\/blog\/wp-content\/uploads\/2008\/05\/ZIP-96.png\" \/><\/a><\/td>\n<td style=\"width: 82.381%;\"><a href=\"https:\/\/github.com\/KumbiaPHP\/KumbiaPHP\/archive\/v1.1.5.tar.gz\"><img loading=\"lazy\" decoding=\"async\" class=\"alignnone wp-image-943 size-full lazyloaded\" title=\"KumbiaPHP v1 en Tar.gz\" src=\"https:\/\/www.kumbiaphp.com\/blog\/wp-content\/uploads\/2008\/05\/TAR-96.png\" alt=\"TAR\" width=\"96\" height=\"96\" data-src=\"https:\/\/www.kumbiaphp.com\/blog\/wp-content\/uploads\/2008\/05\/TAR-96.png\" \/><\/a><\/td>\n<\/tr>\n<\/tbody>\n<\/table>\n<figure><br \/>\n<figure><\/figure>\n<hr \/>\n<h2>Repositorio del c\u00f3digo fuente<\/h2>\n<figure>\n<p><a href=\"https:\/\/github.com\/KumbiaPHP\/KumbiaPHP\" target=\"_blank\" rel=\"attachment noopener wp-att-948 noreferrer\"><img loading=\"lazy\" decoding=\"async\" class=\"alignnone wp-image-948 lazyloaded\" title=\"C\u00f3digo fuente del proyecto KumbiaPHP en Github\" src=\"https:\/\/www.kumbiaphp.com\/blog\/wp-content\/uploads\/2008\/05\/GitHub-Mark-120px-plus.png\" alt=\"Github logo\" width=\"96\" height=\"96\" data-src=\"https:\/\/www.kumbiaphp.com\/blog\/wp-content\/uploads\/2008\/05\/GitHub-Mark-120px-plus.png\" \/><\/a><\/p>\n<\/figure>\n<div class=\"wp-block-image\">\n<figure class=\"alignleft\"><a href=\"https:\/\/scrutinizer-ci.com\/g\/KumbiaPHP\/KumbiaPHP\" target=\"_blank\" rel=\"noopener noreferrer\"><img decoding=\"async\" class=\" lazyloaded\" src=\"https:\/\/scrutinizer-ci.com\/g\/KumbiaPHP\/KumbiaPHP\/badges\/quality-score.png\" alt=\"Quality score\" data-src=\"https:\/\/scrutinizer-ci.com\/g\/KumbiaPHP\/KumbiaPHP\/badges\/quality-score.png\" \/><\/a><\/figure>\n<\/div>\n<div class=\"wp-block-image\">\n<\/div>\n<div class=\"wp-block-image\">\n<figure class=\"alignleft\"><a href=\"https:\/\/kumbiaphp.com\/blog\/wp-content\/uploads\/2025\/03\/php8.svg\"><img loading=\"lazy\" decoding=\"async\" class=\"lazyloaded\" src=\"https:\/\/kumbiaphp.com\/blog\/wp-content\/uploads\/2025\/03\/php8.svg\" alt=\"\" width=\"80\" height=\"20\" data-src=\"https:\/\/www.kumbiaphp.com\/blog\/wp-content\/uploads\/2025\/03\/php8.svg\" \/><\/a><\/figure>\n<\/div>\n<\/figure>\n<p>\u00a0<\/p>\n<p>\u00a0<\/p>\n<hr \/>\n<h2 class=\"wp-block-heading\">Manuales de KumbiaPHP<\/h2>\n<ul class=\"wp-block-list\">\n<li><a href=\"https:\/\/github.com\/KumbiaPHP\/Documentation\/tree\/master\/es\">Manual de KumbiaPHP en espa\u00f1ol v1<\/a><\/li>\n<li><a href=\"https:\/\/github.com\/KumbiaPHP\/Documentation\/tree\/master\/en\">English manual KumbiaPHP v1<\/a><\/li>\n<li><a href=\"https:\/\/github.com\/KumbiaPHP\/ActiveRecord-Doc\">Manual del nuevo ActiveRecord<\/a><\/li>\n<\/ul>\n\n\n","protected":false},"excerpt":{"rendered":"<p>KumbiaPHP v 1.2.1 (Requiere PHP 8 m\u00ednimo) KumbiaPHP v 1.1.5 (Funciona desde PHP 5.4) Repositorio del c\u00f3digo fuente \u00a0&hellip;<\/p>\n","protected":false},"author":17,"featured_media":0,"parent":0,"menu_order":3,"comment_status":"closed","ping_status":"open","template":"","meta":{"_crdt_document":"","inline_featured_image":false,"_monsterinsights_skip_tracking":false,"_monsterinsights_sitenote_active":false,"_monsterinsights_sitenote_note":"","_monsterinsights_sitenote_category":0,"footnotes":""},"class_list":["post-30","page","type-page","status-publish","hentry"],"yoast_head":"<!-- This site is optimized with the Yoast SEO plugin v27.4 - https:\/\/yoast.com\/product\/yoast-seo-wordpress\/ -->\n<title>Manuales y descargas - KumbiaPHP Framework PHP en espa\u00f1ol<\/title>\n<meta name=\"robots\" content=\"index, follow, max-snippet:-1, max-image-preview:large, max-video-preview:-1\" \/>\n<link rel=\"canonical\" href=\"https:\/\/kumbiaphp.com\/blog\/manuales-y-descargas\/\" \/>\n<meta property=\"og:locale\" content=\"es_ES\" \/>\n<meta property=\"og:type\" content=\"article\" \/>\n<meta property=\"og:title\" content=\"Manuales y descargas - KumbiaPHP Framework PHP en espa\u00f1ol\" \/>\n<meta property=\"og:description\" content=\"KumbiaPHP v 1.2.1 (Requiere PHP 8 m\u00ednimo) KumbiaPHP v 1.1.5 (Funciona desde PHP 5.4) Repositorio del c\u00f3digo fuente \u00a0&hellip;\" \/>\n<meta property=\"og:url\" content=\"https:\/\/kumbiaphp.com\/blog\/manuales-y-descargas\/\" \/>\n<meta property=\"og:site_name\" content=\"KumbiaPHP Framework PHP en espa\u00f1ol\" \/>\n<meta property=\"article:publisher\" content=\"https:\/\/www.facebook.com\/kumbia.fw\" \/>\n<meta property=\"article:modified_time\" content=\"2025-09-14T18:29:34+00:00\" \/>\n<meta property=\"og:image\" content=\"https:\/\/kumbiaphp.com\/blog\/wp-content\/uploads\/2008\/05\/ZIP-96.png\" \/>\n\t<meta property=\"og:image:width\" content=\"96\" \/>\n\t<meta property=\"og:image:height\" content=\"96\" \/>\n\t<meta property=\"og:image:type\" content=\"image\/png\" \/>\n<meta name=\"twitter:card\" content=\"summary_large_image\" \/>\n<meta name=\"twitter:site\" content=\"@kumbiaphp\" \/>\n<meta name=\"twitter:label1\" content=\"Tiempo de lectura\" \/>\n\t<meta name=\"twitter:data1\" content=\"2 minutos\" \/>\n<script type=\"application\/ld+json\" class=\"yoast-schema-graph\">{\"@context\":\"https:\\\/\\\/schema.org\",\"@graph\":[{\"@type\":\"WebPage\",\"@id\":\"https:\\\/\\\/kumbiaphp.com\\\/blog\\\/manuales-y-descargas\\\/\",\"url\":\"https:\\\/\\\/kumbiaphp.com\\\/blog\\\/manuales-y-descargas\\\/\",\"name\":\"Manuales y descargas - KumbiaPHP Framework PHP en espa\u00f1ol\",\"isPartOf\":{\"@id\":\"https:\\\/\\\/kumbiaphp.com\\\/blog\\\/#website\"},\"primaryImageOfPage\":{\"@id\":\"https:\\\/\\\/kumbiaphp.com\\\/blog\\\/manuales-y-descargas\\\/#primaryimage\"},\"image\":{\"@id\":\"https:\\\/\\\/kumbiaphp.com\\\/blog\\\/manuales-y-descargas\\\/#primaryimage\"},\"thumbnailUrl\":\"https:\\\/\\\/www.kumbiaphp.com\\\/blog\\\/wp-content\\\/uploads\\\/2008\\\/05\\\/ZIP-96.png\",\"datePublished\":\"2008-05-14T02:28:36+00:00\",\"dateModified\":\"2025-09-14T18:29:34+00:00\",\"breadcrumb\":{\"@id\":\"https:\\\/\\\/kumbiaphp.com\\\/blog\\\/manuales-y-descargas\\\/#breadcrumb\"},\"inLanguage\":\"es\",\"potentialAction\":[{\"@type\":\"ReadAction\",\"target\":[\"https:\\\/\\\/kumbiaphp.com\\\/blog\\\/manuales-y-descargas\\\/\"]}]},{\"@type\":\"ImageObject\",\"inLanguage\":\"es\",\"@id\":\"https:\\\/\\\/kumbiaphp.com\\\/blog\\\/manuales-y-descargas\\\/#primaryimage\",\"url\":\"https:\\\/\\\/www.kumbiaphp.com\\\/blog\\\/wp-content\\\/uploads\\\/2008\\\/05\\\/ZIP-96.png\",\"contentUrl\":\"https:\\\/\\\/www.kumbiaphp.com\\\/blog\\\/wp-content\\\/uploads\\\/2008\\\/05\\\/ZIP-96.png\"},{\"@type\":\"BreadcrumbList\",\"@id\":\"https:\\\/\\\/kumbiaphp.com\\\/blog\\\/manuales-y-descargas\\\/#breadcrumb\",\"itemListElement\":[{\"@type\":\"ListItem\",\"position\":1,\"name\":\"Portada\",\"item\":\"https:\\\/\\\/kumbiaphp.com\\\/blog\\\/\"},{\"@type\":\"ListItem\",\"position\":2,\"name\":\"Manuales y descargas\"}]},{\"@type\":\"WebSite\",\"@id\":\"https:\\\/\\\/kumbiaphp.com\\\/blog\\\/#website\",\"url\":\"https:\\\/\\\/kumbiaphp.com\\\/blog\\\/\",\"name\":\"KumbiaPHP Framework PHP en espa\u00f1ol\",\"description\":\"Web &amp; app MVC PHP framework\",\"publisher\":{\"@id\":\"https:\\\/\\\/kumbiaphp.com\\\/blog\\\/#organization\"},\"potentialAction\":[{\"@type\":\"SearchAction\",\"target\":{\"@type\":\"EntryPoint\",\"urlTemplate\":\"https:\\\/\\\/kumbiaphp.com\\\/blog\\\/?s={search_term_string}\"},\"query-input\":{\"@type\":\"PropertyValueSpecification\",\"valueRequired\":true,\"valueName\":\"search_term_string\"}}],\"inLanguage\":\"es\"},{\"@type\":\"Organization\",\"@id\":\"https:\\\/\\\/kumbiaphp.com\\\/blog\\\/#organization\",\"name\":\"KumbiaPHP Framework PHP en espa\u00f1ol\",\"url\":\"https:\\\/\\\/kumbiaphp.com\\\/blog\\\/\",\"logo\":{\"@type\":\"ImageObject\",\"inLanguage\":\"es\",\"@id\":\"https:\\\/\\\/kumbiaphp.com\\\/blog\\\/#\\\/schema\\\/logo\\\/image\\\/\",\"url\":\"https:\\\/\\\/kumbiaphp.com\\\/blog\\\/wp-content\\\/uploads\\\/2015\\\/02\\\/logo.png\",\"contentUrl\":\"https:\\\/\\\/kumbiaphp.com\\\/blog\\\/wp-content\\\/uploads\\\/2015\\\/02\\\/logo.png\",\"width\":432,\"height\":50,\"caption\":\"KumbiaPHP Framework PHP en espa\u00f1ol\"},\"image\":{\"@id\":\"https:\\\/\\\/kumbiaphp.com\\\/blog\\\/#\\\/schema\\\/logo\\\/image\\\/\"},\"sameAs\":[\"https:\\\/\\\/www.facebook.com\\\/kumbia.fw\",\"https:\\\/\\\/x.com\\\/kumbiaphp\"]}]}<\/script>\n<!-- \/ Yoast SEO plugin. -->","yoast_head_json":{"title":"Manuales y descargas - KumbiaPHP Framework PHP en espa\u00f1ol","robots":{"index":"index","follow":"follow","max-snippet":"max-snippet:-1","max-image-preview":"max-image-preview:large","max-video-preview":"max-video-preview:-1"},"canonical":"https:\/\/kumbiaphp.com\/blog\/manuales-y-descargas\/","og_locale":"es_ES","og_type":"article","og_title":"Manuales y descargas - KumbiaPHP Framework PHP en espa\u00f1ol","og_description":"KumbiaPHP v 1.2.1 (Requiere PHP 8 m\u00ednimo) KumbiaPHP v 1.1.5 (Funciona desde PHP 5.4) Repositorio del c\u00f3digo fuente \u00a0&hellip;","og_url":"https:\/\/kumbiaphp.com\/blog\/manuales-y-descargas\/","og_site_name":"KumbiaPHP Framework PHP en espa\u00f1ol","article_publisher":"https:\/\/www.facebook.com\/kumbia.fw","article_modified_time":"2025-09-14T18:29:34+00:00","og_image":[{"width":96,"height":96,"url":"https:\/\/kumbiaphp.com\/blog\/wp-content\/uploads\/2008\/05\/ZIP-96.png","type":"image\/png"}],"twitter_card":"summary_large_image","twitter_site":"@kumbiaphp","twitter_misc":{"Tiempo de lectura":"2 minutos"},"schema":{"@context":"https:\/\/schema.org","@graph":[{"@type":"WebPage","@id":"https:\/\/kumbiaphp.com\/blog\/manuales-y-descargas\/","url":"https:\/\/kumbiaphp.com\/blog\/manuales-y-descargas\/","name":"Manuales y descargas - KumbiaPHP Framework PHP en espa\u00f1ol","isPartOf":{"@id":"https:\/\/kumbiaphp.com\/blog\/#website"},"primaryImageOfPage":{"@id":"https:\/\/kumbiaphp.com\/blog\/manuales-y-descargas\/#primaryimage"},"image":{"@id":"https:\/\/kumbiaphp.com\/blog\/manuales-y-descargas\/#primaryimage"},"thumbnailUrl":"https:\/\/www.kumbiaphp.com\/blog\/wp-content\/uploads\/2008\/05\/ZIP-96.png","datePublished":"2008-05-14T02:28:36+00:00","dateModified":"2025-09-14T18:29:34+00:00","breadcrumb":{"@id":"https:\/\/kumbiaphp.com\/blog\/manuales-y-descargas\/#breadcrumb"},"inLanguage":"es","potentialAction":[{"@type":"ReadAction","target":["https:\/\/kumbiaphp.com\/blog\/manuales-y-descargas\/"]}]},{"@type":"ImageObject","inLanguage":"es","@id":"https:\/\/kumbiaphp.com\/blog\/manuales-y-descargas\/#primaryimage","url":"https:\/\/www.kumbiaphp.com\/blog\/wp-content\/uploads\/2008\/05\/ZIP-96.png","contentUrl":"https:\/\/www.kumbiaphp.com\/blog\/wp-content\/uploads\/2008\/05\/ZIP-96.png"},{"@type":"BreadcrumbList","@id":"https:\/\/kumbiaphp.com\/blog\/manuales-y-descargas\/#breadcrumb","itemListElement":[{"@type":"ListItem","position":1,"name":"Portada","item":"https:\/\/kumbiaphp.com\/blog\/"},{"@type":"ListItem","position":2,"name":"Manuales y descargas"}]},{"@type":"WebSite","@id":"https:\/\/kumbiaphp.com\/blog\/#website","url":"https:\/\/kumbiaphp.com\/blog\/","name":"KumbiaPHP Framework PHP en espa\u00f1ol","description":"Web &amp; app MVC PHP framework","publisher":{"@id":"https:\/\/kumbiaphp.com\/blog\/#organization"},"potentialAction":[{"@type":"SearchAction","target":{"@type":"EntryPoint","urlTemplate":"https:\/\/kumbiaphp.com\/blog\/?s={search_term_string}"},"query-input":{"@type":"PropertyValueSpecification","valueRequired":true,"valueName":"search_term_string"}}],"inLanguage":"es"},{"@type":"Organization","@id":"https:\/\/kumbiaphp.com\/blog\/#organization","name":"KumbiaPHP Framework PHP en espa\u00f1ol","url":"https:\/\/kumbiaphp.com\/blog\/","logo":{"@type":"ImageObject","inLanguage":"es","@id":"https:\/\/kumbiaphp.com\/blog\/#\/schema\/logo\/image\/","url":"https:\/\/kumbiaphp.com\/blog\/wp-content\/uploads\/2015\/02\/logo.png","contentUrl":"https:\/\/kumbiaphp.com\/blog\/wp-content\/uploads\/2015\/02\/logo.png","width":432,"height":50,"caption":"KumbiaPHP Framework PHP en espa\u00f1ol"},"image":{"@id":"https:\/\/kumbiaphp.com\/blog\/#\/schema\/logo\/image\/"},"sameAs":["https:\/\/www.facebook.com\/kumbia.fw","https:\/\/x.com\/kumbiaphp"]}]}},"jetpack_sharing_enabled":true,"jetpack-related-posts":[],"amp_enabled":true,"_links":{"self":[{"href":"https:\/\/kumbiaphp.com\/blog\/wp-json\/wp\/v2\/pages\/30","targetHints":{"allow":["GET"]}}],"collection":[{"href":"https:\/\/kumbiaphp.com\/blog\/wp-json\/wp\/v2\/pages"}],"about":[{"href":"https:\/\/kumbiaphp.com\/blog\/wp-json\/wp\/v2\/types\/page"}],"author":[{"embeddable":true,"href":"https:\/\/kumbiaphp.com\/blog\/wp-json\/wp\/v2\/users\/17"}],"replies":[{"embeddable":true,"href":"https:\/\/kumbiaphp.com\/blog\/wp-json\/wp\/v2\/comments?post=30"}],"version-history":[{"count":87,"href":"https:\/\/kumbiaphp.com\/blog\/wp-json\/wp\/v2\/pages\/30\/revisions"}],"predecessor-version":[{"id":2944,"href":"https:\/\/kumbiaphp.com\/blog\/wp-json\/wp\/v2\/pages\/30\/revisions\/2944"}],"wp:attachment":[{"href":"https:\/\/kumbiaphp.com\/blog\/wp-json\/wp\/v2\/media?parent=30"}],"curies":[{"name":"wp","href":"https:\/\/api.w.org\/{rel}","templated":true}]}}