{"id":31,"date":"2008-05-14T02:49:21","date_gmt":"2008-05-14T02:49:21","guid":{"rendered":"http:\/\/www.kumbiaphp.com\/blog\/?page_id=31"},"modified":"2017-04-19T17:40:11","modified_gmt":"2017-04-19T16:40:11","slug":"soporte","status":"publish","type":"page","link":"https:\/\/kumbiaphp.com\/blog\/soporte\/","title":{"rendered":"Soporte y contactar"},"content":{"rendered":"<h2>GitHub y Bug Tracking<\/h2>\n<p><a href=\"https:\/\/www.kumbiaphp.com\/blog\/wp-content\/uploads\/2008\/05\/github_logo_social_coding_outlined.png\"><img loading=\"lazy\" decoding=\"async\" class=\"wp-image-1493 alignleft\" src=\"https:\/\/www.kumbiaphp.com\/blog\/wp-content\/uploads\/2008\/05\/github_logo_social_coding_outlined.png\" alt=\"github\" width=\"213\" height=\"95\" \/><\/a>KumbiaPHP tiene su control de versiones en GitHub.com, puedes reportar los bugs por esa v\u00eda para que la gesti\u00f3n de los mismos sean m\u00e1s f\u00e1cil.<\/p>\n<p><span class=\"icon_link_go\"><a href=\"https:\/\/github.com\/KumbiaPHP\/KumbiaPHP\" target=\"_blank\">Github KumbiaPHP<\/a>\u00a0 y <a href=\"https:\/\/github.com\/KumbiaPHP\/KumbiaPHP\/issues\" target=\"_blank\">Accede Bug Tracking<\/a><\/span><\/p>\n<h2>Slack<\/h2>\n<p><img loading=\"lazy\" decoding=\"async\" class=\"alignright size-medium wp-image-1138\" src=\"https:\/\/www.kumbiaphp.com\/blog\/wp-content\/uploads\/2008\/05\/slack_rgb-300x141.png\" alt=\"\" width=\"300\" height=\"141\" \/>Puedes conectarte al Slack de KumbiaPHP y encontrar otros usuarios con los cuales hablar, comunicar tus ideas y tal vez solventar tus dudas m\u00e1s inmediatas.<\/p>\n<p><span class=\"icon_link_go\"><a href=\"https:\/\/www.kumbiaphp.com\/blog\/irc\/\">Leer m\u00e1s<\/a><\/span><\/p>\n<h2>Foro<\/h2>\n<p>El foro tiene como finalidad apoyar a la comunidad solucionando problemas sobre eluso y aplicaci\u00f3n de KumbiaPHP en todo tipo de proyectos. Para ello hay habilitados diferentes apartados tales como Principiantes, Generaci\u00f3n de formularios, MVC y otros.<\/p>\n<h4>Consultar Foro<\/h4>\n<p><span class=\"icon_link_go\"><a href=\"http:\/\/foro.kumbiaphp.com\/\">Acceder al Foro<\/a><\/span><\/p>\n<h2>Comunidad Google<\/h2>\n<p>Lista dedicada a informar de las novedades, mejoras o cambios realizados en el proyecto de KumbiaPHP. Esta lista no tiene como finalidad solventar problemas a nivel de uso de KumbiaPHP, pero si reportar posibles bugs del sistema.<\/p>\n<h4>Consultar Grupo (Actualmente +1.500 desarrolladores)<\/h4>\n<p><span class=\"icon_link_go\"><a href=\"\/\/groups.google.com\/group\/kumbia\">Acceder a Grupos Google<\/a><\/span><\/p>\n<h4>Suscribirte al Grupo<\/h4>\n<div style=\"padding-left: 3em;\">\n<form action=\"\/\/groups.google.com\/group\/kumbia\/boxsubscribe\"><input name=\"hl\" type=\"hidden\" value=\"es\" \/> Correo electr\u00f3nico:<input name=\"email\" type=\"text\" \/> <input name=\"sub\" type=\"submit\" value=\"Suscribirse\" \/><\/form>\n<\/div>\n<h2>Wiki<\/h2>\n<p>La wiki es como un manual online, pero con la ventaja que se incorporan los \u00faltimos cambios al manual de kumbia. Cada cierto tiempo, eso se traslada a las versiones PDF descargables desde la zona de Manuales y descargas.<\/p>\n<p><span class=\"icon_link_go\"><a href=\"http:\/\/wiki.kumbiaphp.com\">Acceder a la wiki ( Kumbia )<\/a><\/span><\/p>\n","protected":false},"excerpt":{"rendered":"<p>GitHub y Bug Tracking KumbiaPHP tiene su control de versiones en GitHub.com, puedes reportar los bugs por esa v\u00eda&hellip;<\/p>\n","protected":false},"author":17,"featured_media":0,"parent":0,"menu_order":4,"comment_status":"closed","ping_status":"open","template":"","meta":{"_crdt_document":"","inline_featured_image":false,"_monsterinsights_skip_tracking":false,"_monsterinsights_sitenote_active":false,"_monsterinsights_sitenote_note":"","_monsterinsights_sitenote_category":0,"footnotes":""},"class_list":["post-31","page","type-page","status-publish","hentry"],"yoast_head":"<!-- This site is optimized with the Yoast SEO plugin v27.4 - https:\/\/yoast.com\/product\/yoast-seo-wordpress\/ -->\n<title>Soporte y contactar - KumbiaPHP Framework PHP en espa\u00f1ol<\/title>\n<meta name=\"robots\" content=\"index, follow, max-snippet:-1, max-image-preview:large, max-video-preview:-1\" \/>\n<link rel=\"canonical\" href=\"https:\/\/kumbiaphp.com\/blog\/soporte\/\" \/>\n<meta property=\"og:locale\" content=\"es_ES\" \/>\n<meta property=\"og:type\" content=\"article\" \/>\n<meta property=\"og:title\" content=\"Soporte y contactar - KumbiaPHP Framework PHP en espa\u00f1ol\" \/>\n<meta property=\"og:description\" content=\"GitHub y Bug Tracking KumbiaPHP tiene su control de versiones en GitHub.com, puedes reportar los bugs por esa v\u00eda&hellip;\" \/>\n<meta property=\"og:url\" content=\"https:\/\/kumbiaphp.com\/blog\/soporte\/\" \/>\n<meta property=\"og:site_name\" content=\"KumbiaPHP Framework PHP en espa\u00f1ol\" \/>\n<meta property=\"article:publisher\" content=\"https:\/\/www.facebook.com\/kumbia.fw\" \/>\n<meta property=\"article:modified_time\" content=\"2017-04-19T16:40:11+00:00\" \/>\n<meta property=\"og:image\" content=\"https:\/\/www.kumbiaphp.com\/blog\/wp-content\/uploads\/2008\/05\/github_logo_social_coding_outlined.png\" \/>\n<meta name=\"twitter:card\" content=\"summary_large_image\" \/>\n<meta name=\"twitter:site\" content=\"@kumbiaphp\" \/>\n<meta name=\"twitter:label1\" content=\"Tiempo de lectura\" \/>\n\t<meta name=\"twitter:data1\" content=\"1 minuto\" \/>\n<script type=\"application\/ld+json\" class=\"yoast-schema-graph\">{\"@context\":\"https:\\\/\\\/schema.org\",\"@graph\":[{\"@type\":\"WebPage\",\"@id\":\"https:\\\/\\\/kumbiaphp.com\\\/blog\\\/soporte\\\/\",\"url\":\"https:\\\/\\\/kumbiaphp.com\\\/blog\\\/soporte\\\/\",\"name\":\"Soporte y contactar - KumbiaPHP Framework PHP en espa\u00f1ol\",\"isPartOf\":{\"@id\":\"https:\\\/\\\/kumbiaphp.com\\\/blog\\\/#website\"},\"primaryImageOfPage\":{\"@id\":\"https:\\\/\\\/kumbiaphp.com\\\/blog\\\/soporte\\\/#primaryimage\"},\"image\":{\"@id\":\"https:\\\/\\\/kumbiaphp.com\\\/blog\\\/soporte\\\/#primaryimage\"},\"thumbnailUrl\":\"https:\\\/\\\/www.kumbiaphp.com\\\/blog\\\/wp-content\\\/uploads\\\/2008\\\/05\\\/github_logo_social_coding_outlined.png\",\"datePublished\":\"2008-05-14T02:49:21+00:00\",\"dateModified\":\"2017-04-19T16:40:11+00:00\",\"breadcrumb\":{\"@id\":\"https:\\\/\\\/kumbiaphp.com\\\/blog\\\/soporte\\\/#breadcrumb\"},\"inLanguage\":\"es\",\"potentialAction\":[{\"@type\":\"ReadAction\",\"target\":[\"https:\\\/\\\/kumbiaphp.com\\\/blog\\\/soporte\\\/\"]}]},{\"@type\":\"ImageObject\",\"inLanguage\":\"es\",\"@id\":\"https:\\\/\\\/kumbiaphp.com\\\/blog\\\/soporte\\\/#primaryimage\",\"url\":\"https:\\\/\\\/www.kumbiaphp.com\\\/blog\\\/wp-content\\\/uploads\\\/2008\\\/05\\\/github_logo_social_coding_outlined.png\",\"contentUrl\":\"https:\\\/\\\/www.kumbiaphp.com\\\/blog\\\/wp-content\\\/uploads\\\/2008\\\/05\\\/github_logo_social_coding_outlined.png\"},{\"@type\":\"BreadcrumbList\",\"@id\":\"https:\\\/\\\/kumbiaphp.com\\\/blog\\\/soporte\\\/#breadcrumb\",\"itemListElement\":[{\"@type\":\"ListItem\",\"position\":1,\"name\":\"Portada\",\"item\":\"https:\\\/\\\/kumbiaphp.com\\\/blog\\\/\"},{\"@type\":\"ListItem\",\"position\":2,\"name\":\"Soporte y contactar\"}]},{\"@type\":\"WebSite\",\"@id\":\"https:\\\/\\\/kumbiaphp.com\\\/blog\\\/#website\",\"url\":\"https:\\\/\\\/kumbiaphp.com\\\/blog\\\/\",\"name\":\"KumbiaPHP Framework PHP en espa\u00f1ol\",\"description\":\"Web &amp; app MVC PHP framework\",\"publisher\":{\"@id\":\"https:\\\/\\\/kumbiaphp.com\\\/blog\\\/#organization\"},\"potentialAction\":[{\"@type\":\"SearchAction\",\"target\":{\"@type\":\"EntryPoint\",\"urlTemplate\":\"https:\\\/\\\/kumbiaphp.com\\\/blog\\\/?s={search_term_string}\"},\"query-input\":{\"@type\":\"PropertyValueSpecification\",\"valueRequired\":true,\"valueName\":\"search_term_string\"}}],\"inLanguage\":\"es\"},{\"@type\":\"Organization\",\"@id\":\"https:\\\/\\\/kumbiaphp.com\\\/blog\\\/#organization\",\"name\":\"KumbiaPHP Framework PHP en espa\u00f1ol\",\"url\":\"https:\\\/\\\/kumbiaphp.com\\\/blog\\\/\",\"logo\":{\"@type\":\"ImageObject\",\"inLanguage\":\"es\",\"@id\":\"https:\\\/\\\/kumbiaphp.com\\\/blog\\\/#\\\/schema\\\/logo\\\/image\\\/\",\"url\":\"https:\\\/\\\/kumbiaphp.com\\\/blog\\\/wp-content\\\/uploads\\\/2015\\\/02\\\/logo.png\",\"contentUrl\":\"https:\\\/\\\/kumbiaphp.com\\\/blog\\\/wp-content\\\/uploads\\\/2015\\\/02\\\/logo.png\",\"width\":432,\"height\":50,\"caption\":\"KumbiaPHP Framework PHP en espa\u00f1ol\"},\"image\":{\"@id\":\"https:\\\/\\\/kumbiaphp.com\\\/blog\\\/#\\\/schema\\\/logo\\\/image\\\/\"},\"sameAs\":[\"https:\\\/\\\/www.facebook.com\\\/kumbia.fw\",\"https:\\\/\\\/x.com\\\/kumbiaphp\"]}]}<\/script>\n<!-- \/ Yoast SEO plugin. -->","yoast_head_json":{"title":"Soporte y contactar - KumbiaPHP Framework PHP en espa\u00f1ol","robots":{"index":"index","follow":"follow","max-snippet":"max-snippet:-1","max-image-preview":"max-image-preview:large","max-video-preview":"max-video-preview:-1"},"canonical":"https:\/\/kumbiaphp.com\/blog\/soporte\/","og_locale":"es_ES","og_type":"article","og_title":"Soporte y contactar - KumbiaPHP Framework PHP en espa\u00f1ol","og_description":"GitHub y Bug Tracking KumbiaPHP tiene su control de versiones en GitHub.com, puedes reportar los bugs por esa v\u00eda&hellip;","og_url":"https:\/\/kumbiaphp.com\/blog\/soporte\/","og_site_name":"KumbiaPHP Framework PHP en espa\u00f1ol","article_publisher":"https:\/\/www.facebook.com\/kumbia.fw","article_modified_time":"2017-04-19T16:40:11+00:00","og_image":[{"url":"https:\/\/www.kumbiaphp.com\/blog\/wp-content\/uploads\/2008\/05\/github_logo_social_coding_outlined.png","type":"","width":"","height":""}],"twitter_card":"summary_large_image","twitter_site":"@kumbiaphp","twitter_misc":{"Tiempo de lectura":"1 minuto"},"schema":{"@context":"https:\/\/schema.org","@graph":[{"@type":"WebPage","@id":"https:\/\/kumbiaphp.com\/blog\/soporte\/","url":"https:\/\/kumbiaphp.com\/blog\/soporte\/","name":"Soporte y contactar - KumbiaPHP Framework PHP en espa\u00f1ol","isPartOf":{"@id":"https:\/\/kumbiaphp.com\/blog\/#website"},"primaryImageOfPage":{"@id":"https:\/\/kumbiaphp.com\/blog\/soporte\/#primaryimage"},"image":{"@id":"https:\/\/kumbiaphp.com\/blog\/soporte\/#primaryimage"},"thumbnailUrl":"https:\/\/www.kumbiaphp.com\/blog\/wp-content\/uploads\/2008\/05\/github_logo_social_coding_outlined.png","datePublished":"2008-05-14T02:49:21+00:00","dateModified":"2017-04-19T16:40:11+00:00","breadcrumb":{"@id":"https:\/\/kumbiaphp.com\/blog\/soporte\/#breadcrumb"},"inLanguage":"es","potentialAction":[{"@type":"ReadAction","target":["https:\/\/kumbiaphp.com\/blog\/soporte\/"]}]},{"@type":"ImageObject","inLanguage":"es","@id":"https:\/\/kumbiaphp.com\/blog\/soporte\/#primaryimage","url":"https:\/\/www.kumbiaphp.com\/blog\/wp-content\/uploads\/2008\/05\/github_logo_social_coding_outlined.png","contentUrl":"https:\/\/www.kumbiaphp.com\/blog\/wp-content\/uploads\/2008\/05\/github_logo_social_coding_outlined.png"},{"@type":"BreadcrumbList","@id":"https:\/\/kumbiaphp.com\/blog\/soporte\/#breadcrumb","itemListElement":[{"@type":"ListItem","position":1,"name":"Portada","item":"https:\/\/kumbiaphp.com\/blog\/"},{"@type":"ListItem","position":2,"name":"Soporte y contactar"}]},{"@type":"WebSite","@id":"https:\/\/kumbiaphp.com\/blog\/#website","url":"https:\/\/kumbiaphp.com\/blog\/","name":"KumbiaPHP Framework PHP en espa\u00f1ol","description":"Web &amp; app MVC PHP framework","publisher":{"@id":"https:\/\/kumbiaphp.com\/blog\/#organization"},"potentialAction":[{"@type":"SearchAction","target":{"@type":"EntryPoint","urlTemplate":"https:\/\/kumbiaphp.com\/blog\/?s={search_term_string}"},"query-input":{"@type":"PropertyValueSpecification","valueRequired":true,"valueName":"search_term_string"}}],"inLanguage":"es"},{"@type":"Organization","@id":"https:\/\/kumbiaphp.com\/blog\/#organization","name":"KumbiaPHP Framework PHP en espa\u00f1ol","url":"https:\/\/kumbiaphp.com\/blog\/","logo":{"@type":"ImageObject","inLanguage":"es","@id":"https:\/\/kumbiaphp.com\/blog\/#\/schema\/logo\/image\/","url":"https:\/\/kumbiaphp.com\/blog\/wp-content\/uploads\/2015\/02\/logo.png","contentUrl":"https:\/\/kumbiaphp.com\/blog\/wp-content\/uploads\/2015\/02\/logo.png","width":432,"height":50,"caption":"KumbiaPHP Framework PHP en espa\u00f1ol"},"image":{"@id":"https:\/\/kumbiaphp.com\/blog\/#\/schema\/logo\/image\/"},"sameAs":["https:\/\/www.facebook.com\/kumbia.fw","https:\/\/x.com\/kumbiaphp"]}]}},"jetpack_sharing_enabled":true,"jetpack-related-posts":[],"amp_enabled":true,"_links":{"self":[{"href":"https:\/\/kumbiaphp.com\/blog\/wp-json\/wp\/v2\/pages\/31","targetHints":{"allow":["GET"]}}],"collection":[{"href":"https:\/\/kumbiaphp.com\/blog\/wp-json\/wp\/v2\/pages"}],"about":[{"href":"https:\/\/kumbiaphp.com\/blog\/wp-json\/wp\/v2\/types\/page"}],"author":[{"embeddable":true,"href":"https:\/\/kumbiaphp.com\/blog\/wp-json\/wp\/v2\/users\/17"}],"replies":[{"embeddable":true,"href":"https:\/\/kumbiaphp.com\/blog\/wp-json\/wp\/v2\/comments?post=31"}],"version-history":[{"count":18,"href":"https:\/\/kumbiaphp.com\/blog\/wp-json\/wp\/v2\/pages\/31\/revisions"}],"predecessor-version":[{"id":1494,"href":"https:\/\/kumbiaphp.com\/blog\/wp-json\/wp\/v2\/pages\/31\/revisions\/1494"}],"wp:attachment":[{"href":"https:\/\/kumbiaphp.com\/blog\/wp-json\/wp\/v2\/media?parent=31"}],"curies":[{"name":"wp","href":"https:\/\/api.w.org\/{rel}","templated":true}]}}